{"id":92,"date":"2020-07-26T17:00:38","date_gmt":"2020-07-26T17:00:38","guid":{"rendered":"http:\/\/inntek.hu\/?page_id=92"},"modified":"2025-07-14T05:24:36","modified_gmt":"2025-07-14T05:24:36","slug":"tevekenyseg","status":"publish","type":"page","link":"http:\/\/inntek.hu\/index.php\/tevekenyseg\/","title":{"rendered":"Projekteink"},"content":{"rendered":"\n<h4 class=\"wp-block-heading\"><\/h4>\n\n\n\n<p>Az Inntek Innov\u00e1ci\u00f3s \u00e9s Technol\u00f3giai K\u00f6zpont sz\u00e1mos sikeres projektet val\u00f3s\u00edtott meg az \u00e9vek sor\u00e1n, amelyek hozz\u00e1j\u00e1rultak a k\u00fcl\u00f6nb\u00f6z\u0151 ipar\u00e1gak fejl\u0151d\u00e9s\u00e9hez. Itt egy r\u00f6vid \u00e1ttekint\u00e9s n\u00e9h\u00e1ny kiemelked\u0151 projekt\u00fcnkr\u0151l:<\/p>\n\n\n\n<ul class=\"wp-block-list\">\n<li><strong>Z\u00f6ld Energia Innov\u00e1ci\u00f3k<\/strong>: Fejleszt\u00e9seink r\u00e9v\u00e9n \u00faj meg\u00fajul\u00f3 energiaforr\u00e1sok integr\u00e1l\u00e1s\u00e1t seg\u00edtj\u00fck el\u0151 az ipar k\u00fcl\u00f6nb\u00f6z\u0151 \u00e1gazataiban.<\/li>\n\n\n\n<li><strong>Biotechnol\u00f3giai Kutat\u00e1sok<\/strong>: Az eg\u00e9szs\u00e9g\u00fcgy \u00e9s a biotechnol\u00f3gia ter\u00fclet\u00e9n v\u00e9gzett kutat\u00e1saink hozz\u00e1j\u00e1rulnak \u00faj gy\u00f3gyszerek \u00e9s kezel\u00e9sek kifejleszt\u00e9s\u00e9hez.<\/li>\n\n\n\n<li><strong>Digit\u00e1lis Transzform\u00e1ci\u00f3<\/strong>: Tan\u00e1csad\u00f3i munk\u00e1nk sor\u00e1n seg\u00edtett\u00fcnk sz\u00e1mos v\u00e1llalatnak a digit\u00e1lis \u00e1talakul\u00e1sban, optimaliz\u00e1lva folyamataikat \u00e9s n\u00f6velve versenyk\u00e9pess\u00e9g\u00fcket.<\/li>\n\n\n\n<li><strong>Mesters\u00e9ges intelligencia<\/strong>: egy\u00fcttm\u0171k\u00f6dve a Magyar Kereskedelmi \u00e9s Iparkamar\u00e1val, valamint a Heves V\u00e1rmegyei Kereskedelmi \u00e9s Iparkamar\u00e1val r\u00e9szt vesz\u00fcnk a &#8222;Modern V\u00e1llalkoz\u00e1sok Program 2.0 projektben&#8221;<\/li>\n<\/ul>\n\n\n\n<p class=\"has-text-align-center\"><strong>\u00dczleti siker a mesters\u00e9ges intelligenci\u00e1val<\/strong><\/p>\n\n\n\n<p class=\"has-text-align-left\">Legy\u00e9l l\u00e1that\u00f3, gyors \u00e9s innovat\u00edv az \u00fczleti \u00e9letben, melyhez a mesters\u00e9ges intelligencia (MI) praktikus megold\u00e1sokat k\u00edn\u00e1l! Az online jelenl\u00e9t ma m\u00e1r nem k\u00e9rd\u00e9s, hanem alapvet\u0151 fontoss\u00e1g\u00fa az \u00fczleti siker szempontj\u00e1b\u00f3l, mivel k\u00f6zvetlen\u00fcl befoly\u00e1solja a versenyk\u00e9pess\u00e9get, a bev\u00e9telek n\u00f6veked\u00e9s\u00e9t \u00e9s az \u00fcgyf\u00e9lszerz\u00e9st egyar\u00e1nt. Hasznos\u00edthat\u00f3 seg\u00edts\u00e9get ny\u00fajtunk rendezv\u00e9nyeink szervez\u00e9s\u00e9vel a kkv szektor sz\u00e1m\u00e1ra. <\/p>\n\n\n\n<p class=\"has-text-align-left\">Rendezv\u00e9ny\u00fcnk id\u0151pontja: 2025. j\u00fanius 3 (kedd) 10,00 &#8211; 14,00. Helysz\u00edn: Inntek Nonprofit Kft. Eger Faiskola \u00fat 15. inform\u00e1ci\u00f3: ildiko.lengyel@hkik.hu (2025. \u0151sz\u00e9n folytatjuk a programjainkat!)<\/p>\n\n\n\n<p class=\"has-text-align-center\"><strong>Napelemes rendszer telep\u00edt\u00e9se az INNTEK Nonprofit Kft. inkub\u00e1torh\u00e1z\u00e1ra<\/strong><\/p>\n\n\n\n<p class=\"has-text-align-center\"> <strong>GINOP- 4.1.4.-19-2020-01178<\/strong><\/p>\n\n\n\n<p>Kedvezm\u00e9nyezett neve: INNTEK Innov\u00e1ci\u00f3s \u00e9s Technol\u00f3giai K\u00f6zpont Nonprofit Korl\u00e1tolt Felel\u0151ss\u00e9g\u0171 T\u00e1rsas\u00e1g<\/p>\n\n\n\n<p>T\u00e1mogat\u00e1s \u00f6sszege: 7,51 MFt a t\u00e1mogat\u00e1s m\u00e9rt\u00e9ke 55%<\/p>\n\n\n\n<p class=\"has-text-align-left\">A fejleszt\u00e9s c\u00e9lja, az INNTEK Nonprofit Kft. (INNTEK) tulajdon\u00e1ban l\u00e9v\u0151 inkub\u00e1torh\u00e1z villamosenergia ig\u00e9ny\u00e9nek r\u00e9szleges kiel\u00e9g\u00edt\u00e9se, napelemes rendszer kialak\u00edt\u00e1s\u00e1val. Az inkub\u00e1torh\u00e1z 12 b\u00e9relhet\u0151 m\u0171hely\u00e9t, valamint irod\u00e1it, t\u00e1rgyal\u00f3it \u00e9s k\u00f6z\u00f6ss\u00e9gi tereit folyamatosan k\u00f6zel 20 hazai mikrov\u00e1llalkoz\u00e1s haszn\u00e1lja, a v\u00e1llalkoz\u00e1s beind\u00edt\u00e1s\u00e1nak, meger\u0151s\u00f6d\u00e9s\u00e9nek \u00e9veiben. Itt a kedvez\u0151 b\u00e9rleti felt\u00e9telek \u00e9s a kiv\u00e1l\u00f3 infrastrukt\u00fara mellett az INNTEK inkub\u00e1ci\u00f3s szolg\u00e1ltat\u00e1sai (tan\u00e1csad\u00e1sok, k\u00e9pz\u00e9sek, \u00fczleti- \u00e9s KFI partnerkeres\u00e9si szolg\u00e1ltat\u00e1sok) is t\u00e1mogatj\u00e1k a v\u00e1llalkoz\u00e1sok meger\u0151s\u00f6d\u00e9s\u00e9t. Tov\u00e1bbi jelent\u0151s seg\u00edts\u00e9get jelent a j\u00f6v\u0151ben a v\u00e1llalkoz\u00e1soknak, hogy a napelemes rendszernek k\u00f6sz\u00f6nhet\u0151en, cs\u00f6kken\u0151 energiak\u00f6lts\u00e9gek mellett m\u0171k\u00f6dhetnek a k\u00fcl\u00f6nb\u00f6z\u0151 profil\u00fa termel\u0151- \u00e9s szolg\u00e1ltat\u00f3 szervezetek.<\/p>\n\n\n\n<p>A kialak\u00edt\u00e1sra ker\u00fclt rendszer a 15-50 kWp kateg\u00f3ri\u00e1ba tartozik, annak is a fels\u0151 hat\u00e1r\u00e1hoz k\u00f6zel\u00edtve annak \u00e9rdek\u00e9ben, hogy az INNTEK anyagi korl\u00e1tait figyelembe v\u00e9ve, min\u00e9l jelent\u0151sebb m\u00e9rt\u00e9kben siker\u00fclj\u00f6n meg\u00fajul\u00f3 energi\u00e1val kiv\u00e1ltani az \u00e9p\u00fclet villamosenergia ig\u00e9ny\u00e9t. A 47,94 kWp teljes\u00edtm\u00e9ny\u0171 rendszer elemei a k\u00f6vetkez\u0151k:<\/p>\n\n\n\n<ul class=\"wp-block-list\">\n<li>102 db Hyundai HiS470VI egyenk\u00e9nt 470 W teljes\u00edtm\u00e9ny\u0171, zsindelyes kialak\u00edt\u00e1s\u00fa, PERC cell\u00e1s monokrist\u00e1lyos szil\u00edcium cellat\u00edpus\u00fa, alum\u00ednium keretes, \u00fcveg-f\u00f3lia-lamin\u00e1t fel\u00e9p\u00edt\u00e9s\u0171, 408 cell\u00e1s napelem modul.&nbsp; A modulok hat\u00e1sfoka 20,1%.<\/li>\n\n\n\n<li>2 db 20 kW-os Fronius Symo 20.0-3-M inverter \u00e9s tartoz\u00e9kai<\/li>\n<\/ul>\n\n\n\n<p>A rendszer fenti elemei nagy szak\u00e9rtelemmel, a teljes\u00edtm\u00e9nymaximaliz\u00e1l\u00e1st \u00e9s k\u00f6lts\u00e9goptimaliz\u00e1l\u00e1st szem el\u0151tt tartva ker\u00fcltek kiv\u00e1laszt\u00e1sra. A rendszert tervez\u0151 v\u00e1llalkoz\u00e1s sok \u00e9vnyi tervez\u0151i- \u00e9s kivitelez\u0151i tapasztalattal rendelkezik a napelemes rendszerek ter\u00e9n. Az inkub\u00e1torh\u00e1z \u00e9ves villamosenergia ig\u00e9nye 164.508 kWh. A kivitelezend\u0151 rendszer n\u00e9vleges AC oldali teljes\u00edt\u0151 k\u00e9pess\u00e9ge: 40kVA, a rendszer DC oldali teljes\u00edt\u0151k\u00e9pess\u00e9ge: 47,94 kWp.<\/p>\n\n\n\n<p>A fejleszt\u00e9snek k\u00f6sz\u00f6nhet\u0151en:<\/p>\n\n\n\n<ul class=\"wp-block-list\">\n<li>A meg\u00fajul\u00f3 energiaforr\u00e1sb\u00f3l el\u0151\u00e1ll\u00edtott energiamennyis\u00e9g: 189,84 GJ\/\u00e9v<\/li>\n\n\n\n<li>Az \u00fcvegh\u00e1zhat\u00e1s\u00fa g\u00e1zok becs\u00fclt \u00e9ves cs\u00f6kken\u00e9se: 39,67 t\/\u00e9v<\/li>\n\n\n\n<li>A fejleszt\u00e9s \u00e1ltal el\u00e9rt primer energiafelhaszn\u00e1l\u00e1s cs\u00f6kken\u00e9s: 284,76 GJ\/\u00e9v<\/li>\n\n\n\n<li>Az \u00fcvegh\u00e1zhat\u00e1st okoz\u00f3 g\u00e1zok \u00e9ves cs\u00f6kken\u00e9s\u00e9nek ar\u00e1nya a fejleszt\u00e9s el\u0151tti kibocs\u00e1t\u00e1shoz k\u00e9pest: 32,05 %\/\u00e9v<\/li>\n\n\n\n<li>A napelemes rendszer telep\u00edt\u00e9s\u00e9t c\u00e9lz\u00f3 beruh\u00e1z\u00e1snak k\u00f6sz\u00f6nhet\u0151 \u00e9ves fajlagos primer energia fogyaszt\u00e1s megtakar\u00edt\u00e1s m\u00e9rt\u00e9ke a fejleszt\u00e9s el\u0151tti \u00e1llapothoz k\u00e9pest: 19,23 %\/\u00e9v<\/li>\n<\/ul>\n\n\n\n<p class=\"has-text-align-left\">A projektet 2021. j\u00fanius 2-\u00e1n fejezt\u00fck be, a kivitelez\u0151 EnergoPlusz Kft. Eger.<\/p>\n\n\n\n<p class=\"has-text-align-left\"><\/p>\n\n\n\n<p><\/p>\n\n\n\n<p><a href=\"http:\/\/egriipartestulet.hu\/jovokereso-az-ipari-agazat-munkaeroigenyeinek-felterkepezese-es-tamogatasa-heves-megyeben\/\"><strong>J\u00f6v\u0151keres\u0151 \u2013 Az ipari \u00e1gazat munkaer\u0151ig\u00e9nyeinek felt\u00e9rk\u00e9pez\u00e9se \u00e9s t\u00e1mogat\u00e1sa Heves megy\u00e9ben<\/strong><\/a><\/p>\n\n\n\n<ul class=\"wp-block-list\">\n<li>Az ipari \u00e1gazat munkaer\u0151ig\u00e9nyeinek felt\u00e9rk\u00e9pez\u00e9se \u00e9s t\u00e1mogat\u00e1sa Heves megy\u00e9ben a GINOP-5.3.5-18-2020-00163 p\u00e1ly\u00e1zat, az Eger \u00e9s Vid\u00e9ke Ipartest\u00fclet \u00e9s az INNTEK Nonprofit Kft. szervez\u00e9s\u00e9ben val\u00f3sul meg.<\/li>\n\n\n\n<li>A projekt sor\u00e1n az ipari \u00e1gazat\u00e1ban is tapasztalhat\u00f3 munkaer\u0151hi\u00e1ny enyh\u00edt\u00e9s\u00e9t c\u00e9lz\u00f3, a munkaer\u0151-piac keresleti \u00e9s k\u00edn\u00e1lati oldal\u00e1nak \u00f6sszehangol\u00e1s\u00e1t seg\u00edt\u0151 megold\u00e1sokon dolgoztunk. A 15 h\u00f3napos megval\u00f3s\u00edt\u00e1s alatt sz\u00e1mos motiv\u00e1ci\u00f3s \u00e9s mozg\u00f3s\u00edt\u00f3 hat\u00e1s\u00fa, a foglalkoztat\u00e1st, a szakm\u00e1k preszt\u00edzs n\u00f6vel\u00e9s\u00e9t c\u00e9lz\u00f3 rendezv\u00e9nyt val\u00f3s\u00edtottunk meg.<\/li>\n<\/ul>\n\n\n\n<p><strong>Megval\u00f3s\u00edtott programok:<\/strong><\/p>\n\n\n\n<ul class=\"wp-block-list\">\n<li>6 Megyei \u00e1ll\u00e1sb\u00f6rze: P\u00e9terv\u00e1s\u00e1ron, B\u00e9lap\u00e1tfalv\u00e1n, K\u00e1lon, Gy\u00f6ngy\u00f6s\u00f6n, Hevesen \u00e9s Egerben<\/li>\n\n\n\n<li>3 Szakmai konferencia a gazdas\u00e1gi \u00fajraindul\u00e1s t\u00e9m\u00e1j\u00e1ban<\/li>\n\n\n\n<li>9 Mesterek Klubja<\/li>\n\n\n\n<li>5 V\u00e1llalkoz\u00f3i t\u00e1j\u00e9koztat\u00f3 rendezv\u00e9ny<\/li>\n\n\n\n<li>Heves Megye Napja a Miskolci Egyetemen interakt\u00edv egyetem-bemutat\u00f3 nap<\/li>\n\n\n\n<li>24 T\u00e1j\u00e9koztat\u00f3 \u00e9s c\u00e9gl\u00e1togat\u00e1s di\u00e1kok sz\u00e1m\u00e1ra<\/li>\n\n\n\n<li>Du\u00e1lis Fels\u0151oktat\u00e1si F\u00f3rum Gy\u00f6ngy\u00f6s\u00f6n \u00e9s Egerben<\/li>\n\n\n\n<li>6 T\u00e1j\u00e9koztat\u00f3 az ad\u00f3v\u00e1ltoz\u00e1sokr\u00f3l \u00e9s az oktat\u00e1sr\u00f3l<\/li>\n<\/ul>\n\n\n\n<p>A&nbsp;programjaink eddig \u00f6sszesen 1949 f\u0151 bevon\u00e1s\u00e1val val\u00f3sultak meg, valamint 115 f\u0151nek siker\u00fclt elhelyezkednie, illetve bizony\u00edtv\u00e1nyt vagy tan\u00fas\u00edtv\u00e1nyt szereznie.<\/p>\n\n\n\n<p>Kik\u00fcld\u00f6tt h\u00edrlevel\u00fcnk 14 617 v\u00e1llalkoz\u00e1shoz \u00e9s v\u00e1llalkoz\u00f3hoz jutott el, melyben inform\u00e1ci\u00f3t kaptak a munkajogr\u00f3l, tanul\u00f3foglalkoztat\u00e1sr\u00f3l, valamint a munkav\u00e9delemr\u0151l az \u00e9rdekl\u0151d\u0151k.<\/p>\n\n\n\n<p>A projekt sor\u00e1n k\u00e9sz\u00fclt egy tanulm\u00e1ny, amelyben a Heves megyei fiatalok tanulm\u00e1nyi \u00e9s v\u00e9gzetts\u00e9gi ar\u00e1ny\u00e1nak vizsg\u00e1lata val\u00f3sult meg.<\/p>\n\n\n\n<p><strong><a href=\"http:\/\/inntek.hu\/wp-content\/uploads\/2024\/08\/tanulmany_heves_megyei_fiatalok_tanulmanyi_es_vegzettseg_aranyanak_vizsgalata.pdf\">A tanulm\u00e1ny&nbsp;IDE&nbsp;kattintva olvashat\u00f3.<\/a><\/strong><\/p>\n\n\n\n<p class=\"has-text-align-center\"><strong>Pont Ott Parti 2025 \u2013 Egerben \u00fajra egy\u00fctt sz\u00e1molunk vissza!<\/strong><\/p>\n\n\n\n<p>2025-ben ism\u00e9t megrendez\u00e9sre ker\u00fcl a Pont Ott Parti Egerben, ahol a fiatalok k\u00f6z\u00f6sen v\u00e1rhatj\u00e1k a fels\u0151oktat\u00e1si felv\u00e9teli ponthat\u00e1rok kihirdet\u00e9s\u00e9t. A rendezv\u00e9ny szervez\u0151i <strong>j\u00falius 23-\u00e1n<\/strong> az Eszterh\u00e1zy t\u00e9ren v\u00e1rj\u00e1k az \u00e9rdekl\u0151d\u0151ket, ahol a r\u00e9sztvev\u0151k egy\u00fctt \u00e9lhetik \u00e1t \u00e9let\u00fck egyik meghat\u00e1roz\u00f3 pillanat\u00e1t \u2013 a tov\u00e1bbtanul\u00e1s els\u0151 nagy l\u00e9p\u00e9s\u00e9t.<\/p>\n\n\n\n<p>Az esem\u00e9nyen az Eszterh\u00e1zy K\u00e1roly Katolikus Egyetem, valamint a Heves V\u00e1rmegyei Kereskedelmi \u00e9s Iparkamara szervez\u00e9s\u00e9ben sz\u00ednes programokkal, inform\u00e1ci\u00f3s standokkal \u00e9s hasznos tan\u00e1csad\u00e1ssal k\u00e9sz\u00fclnek a szervez\u0151k. A jelenl\u00e9v\u0151k els\u0151 k\u00e9zb\u0151l t\u00e1j\u00e9koz\u00f3dhatnak a p\u00f3tfelv\u00e9telivel kapcsolatos tudnival\u00f3kr\u00f3l, valamint a tov\u00e1bbtanul\u00e1si \u00e9s elhelyezked\u00e9si lehet\u0151s\u00e9gekr\u0151l az EH\u00d6K \u00e9s a Felv\u00e9teli \u00e9s K\u00e9pz\u00e9sszervez\u00e9si Oszt\u00e1ly munkat\u00e1rsainak k\u00f6zrem\u0171k\u00f6d\u00e9s\u00e9vel.<\/p>\n\n\n\n<p>A rendezv\u00e9nyen a J\u00f6v\u0151keres\u0151 projekt folytat\u00e1sak\u00e9nt az Eger \u00e9s Vid\u00e9ke Ipartest\u00fclet, valamint az Inntek Nonprofit Kft. k\u00e9pvisel\u0151i is r\u00e9szt vesznek a programon. A jelenl\u00e9v\u0151 Heves v\u00e1rmegyei v\u00e1llalkoz\u00e1sok gyakorlati helyekkel, p\u00e1lyaorient\u00e1ci\u00f3s tan\u00e1csokkal, valamint a szakmunka ir\u00e1nt \u00e9rdekl\u0151d\u0151k sz\u00e1m\u00e1ra hasznos inform\u00e1ci\u00f3kkal v\u00e1rj\u00e1k az \u00e9rdekl\u0151d\u0151ket. Emellett \u00f6n\u00e9letrajz-k\u00e9sz\u00edt\u00e9ssel \u00e9s \u00e1ll\u00e1sinterj\u00fara val\u00f3 felk\u00e9sz\u00edt\u00e9ssel kapcsolatos tan\u00e1csokat is kaphatnak a fiatalok.<\/p>\n\n\n\n<p>A Pont Ott Parti 2025 nem csup\u00e1n az \u00f6r\u00f6mteli pillanatok, de a tudatos j\u00f6v\u0151\u00e9p\u00edt\u00e9s sz\u00edntere is lesz \u2013 minden \u00e9rdekl\u0151d\u0151t szeretettel v\u00e1runk!<\/p>\n\n\n\n<p class=\"has-text-align-center\"><strong>Pont Ott Parti 2024<\/strong><\/p>\n\n\n\n<p>2024-ben ism\u00e9t megrendez\u00e9sre ker\u00fclt a Pont Ott Party Egerben. A t\u00f6bb sz\u00e1z r\u00e9sztvev\u0151 egy\u00fctt izgulva v\u00e1rhatta a fels\u0151oktat\u00e1si int\u00e9zm\u00e9nyek felv\u00e9teli ponthat\u00e1rainak kivet\u00edt\u00e9s\u00e9t az Eszterh\u00e1zy t\u00e9ren. Id\u00e9n a legn\u00e9pszer\u0171bb szakok, melyekre a legt\u00f6bb di\u00e1k jelentkezett, a k\u00f6vetkez\u0151k voltak: gazd\u00e1lkod\u00e1si \u00e9s menedzsment (6801 f\u0151), pszichol\u00f3gia (4948 f\u0151), jog\u00e1sz (4178 f\u0151), \u00e1pol\u00e1s \u00e9s betegell\u00e1t\u00e1s (3641 f\u0151), kereskedelem \u00e9s marketing (3581 f\u0151), m\u00e9rn\u00f6kinformatikus (3271 f\u0151). Az egri Pont ott Party-n t\u00f6bb Heves v\u00e1rmegyei v\u00e1llalat is kitelep\u00fclt, akik gyakorlati helyeket tudtak aj\u00e1nlani fels\u0151oktat\u00e1sba jelentkez\u0151knek, \u00f6n\u00e9letrajz\u00edr\u00e1ssal \u00e9s interj\u00faval kapcsolatos tan\u00e1csokat tudtak adni az \u00e9rdekl\u0151d\u0151knek. Sikertelen felv\u00e9tel eset\u00e9n pedig a szakmunka tanul\u00e1sr\u00f3l is tudtak inform\u00e1ci\u00f3kat adni a v\u00e1llalkoz\u00e1sok k\u00e9pvisel\u0151i. A rendezv\u00e9nyen a J\u00f6v\u0151keres\u0151 projekt folytat\u00e1sak\u00e9nt az Eger \u00e9s Vid\u00e9ke Ipartest\u00fclet, valamint az Inntek Nonprofit Kft. k\u00e9pvisel\u0151i is r\u00e9szt vettek.<\/p>\n\n\n\n<p>Az esem\u00e9nyr\u0151l b\u0151vebben t\u00e1j\u00e9koz\u00f3dhat a HEOL &#8211; Heves v\u00e1rmegyei h\u00edrport\u00e1l weboldal\u00e1n: <a href=\"https:\/\/www.heol.hu\/helyi-kozelet\/2024\/07\/egyutt-izgultak-a-liceum-elott-az-egyetemi-felvetelin\">https:\/\/www.heol.hu\/helyi-kozelet\/2024\/07\/egyutt-izgultak-a-liceum-elott-az-egyetemi-felvetelin<\/a><\/p>\n\n\n\n<p class=\"has-text-align-center\"><strong>Kutat\u00f3k \u00c9jszak\u00e1ja 2024<\/strong><\/p>\n\n\n\n<p class=\"has-text-align-left\">2024-ben szeptember 27-\u00e9n 9 \u00f3r\u00e1t\u00f3l ker\u00fcl sor a Kutat\u00f3k \u00c9jszak\u00e1j\u00e1ra Egerben, melyet az Eszterh\u00e1zy K\u00e1roly Katolikus Egyetem a Heves V\u00e1rmegyei Kereskedelmi \u00e9s Iparkamar\u00e1val k\u00f6z\u00f6sen rendez meg. A szervez\u0151k c\u00e9lja a di\u00e1kok, sz\u00fcleik, tan\u00e1raik \u00e9s az eg\u00e9sz nagyk\u00f6z\u00f6ns\u00e9g sz\u00e1m\u00e1ra bemutatni, hogy a m\u0171szaki \u00e9s a term\u00e9szettudom\u00e1nyok a mindennapjainkban milyen m\u00e9rt\u00e9kben sz\u00f6vik \u00e1t \u00e9let\u00fcnket, mennyire fontosak ezek a szakter\u00fcletek a folyamatok le\u00edr\u00e1s\u00e1hoz, meg\u00e9rt\u00e9s\u00e9hez, \u00faj \u00f6sszef\u00fcgg\u00e9sek felfedez\u00e9s\u00e9hez. Ezen t\u00falmen\u0151en t\u00e1mogatni szeretn\u00e9k a szervez\u0151k a k\u00f6zoktat\u00e1si \u00e9s fels\u0151oktat\u00e1si int\u00e9zm\u00e9nyek, illetve a gyakorlati helyet biztos\u00edt\u00f3 v\u00e1llalatok egy\u00fcttm\u0171k\u00f6d\u00e9s\u00e9t, n\u00e9pszer\u0171s\u00edteni a tudom\u00e1nyt, a tudom\u00e1nyos \u00e9s innov\u00e1ci\u00f3s tev\u00e9kenys\u00e9get \u00e9s a kutat\u00f3i \u00e9letp\u00e1ly\u00e1t.<\/p>\n\n\n\n<p>Tov\u00e1bbi inform\u00e1ci\u00f3: Lengyel Lajosn\u00e9<\/p>\n\n\n\n<p>telefon: +36 36 429 612 -109-es mell\u00e9k, e-mail: <a href=\"mailto:ildiko.lengyel@hkik.hu\">ildiko.lengyel@hkik.hu<\/a><\/p>\n\n\n\n<figure class=\"wp-block-image size-large\"><img loading=\"lazy\" decoding=\"async\" width=\"1024\" height=\"376\" src=\"http:\/\/inntek.hu\/wp-content\/uploads\/2025\/07\/Nevtelen-terv-1024x376.jpg\" alt=\"\" class=\"wp-image-190\" srcset=\"http:\/\/inntek.hu\/wp-content\/uploads\/2025\/07\/Nevtelen-terv-1024x376.jpg 1024w, http:\/\/inntek.hu\/wp-content\/uploads\/2025\/07\/Nevtelen-terv-300x110.jpg 300w, http:\/\/inntek.hu\/wp-content\/uploads\/2025\/07\/Nevtelen-terv-768x282.jpg 768w, http:\/\/inntek.hu\/wp-content\/uploads\/2025\/07\/Nevtelen-terv.jpg 1453w\" sizes=\"auto, (max-width: 1024px) 100vw, 1024px\" \/><\/figure>\n","protected":false},"excerpt":{"rendered":"<p>Az Inntek Innov\u00e1ci\u00f3s \u00e9s Technol\u00f3giai K\u00f6zpont sz\u00e1mos sikeres projektet val\u00f3s\u00edtott meg az \u00e9vek sor\u00e1n, amelyek hozz\u00e1j\u00e1rultak a k\u00fcl\u00f6nb\u00f6z\u0151 ipar\u00e1gak fejl\u0151d\u00e9s\u00e9hez. Itt egy r\u00f6vid \u00e1ttekint\u00e9s n\u00e9h\u00e1ny kiemelked\u0151 projekt\u00fcnkr\u0151l: \u00dczleti siker a mesters\u00e9ges intelligenci\u00e1val Legy\u00e9l l\u00e1that\u00f3, gyors \u00e9s innovat\u00edv az \u00fczleti \u00e9letben, melyhez a mesters\u00e9ges intelligencia (MI) praktikus megold\u00e1sokat k\u00edn\u00e1l! Az online jelenl\u00e9t ma m\u00e1r nem k\u00e9rd\u00e9s, &#8230; <a title=\"Projekteink\" class=\"read-more\" href=\"http:\/\/inntek.hu\/index.php\/tevekenyseg\/\" aria-label=\"Read more about Projekteink\">Olvass tov\u00e1bb<\/a><\/p>\n","protected":false},"author":1,"featured_media":190,"parent":0,"menu_order":0,"comment_status":"closed","ping_status":"closed","template":"","meta":{"footnotes":""},"class_list":["post-92","page","type-page","status-publish","has-post-thumbnail"],"_links":{"self":[{"href":"http:\/\/inntek.hu\/index.php\/wp-json\/wp\/v2\/pages\/92","targetHints":{"allow":["GET"]}}],"collection":[{"href":"http:\/\/inntek.hu\/index.php\/wp-json\/wp\/v2\/pages"}],"about":[{"href":"http:\/\/inntek.hu\/index.php\/wp-json\/wp\/v2\/types\/page"}],"author":[{"embeddable":true,"href":"http:\/\/inntek.hu\/index.php\/wp-json\/wp\/v2\/users\/1"}],"replies":[{"embeddable":true,"href":"http:\/\/inntek.hu\/index.php\/wp-json\/wp\/v2\/comments?post=92"}],"version-history":[{"count":23,"href":"http:\/\/inntek.hu\/index.php\/wp-json\/wp\/v2\/pages\/92\/revisions"}],"predecessor-version":[{"id":191,"href":"http:\/\/inntek.hu\/index.php\/wp-json\/wp\/v2\/pages\/92\/revisions\/191"}],"wp:featuredmedia":[{"embeddable":true,"href":"http:\/\/inntek.hu\/index.php\/wp-json\/wp\/v2\/media\/190"}],"wp:attachment":[{"href":"http:\/\/inntek.hu\/index.php\/wp-json\/wp\/v2\/media?parent=92"}],"curies":[{"name":"wp","href":"https:\/\/api.w.org\/{rel}","templated":true}]}}