{"id":90,"date":"2020-07-26T16:59:28","date_gmt":"2020-07-26T16:59:28","guid":{"rendered":"http:\/\/inntek.hu\/?page_id=90"},"modified":"2025-07-02T08:08:11","modified_gmt":"2025-07-02T08:08:11","slug":"konferencia-kozpont","status":"publish","type":"page","link":"http:\/\/inntek.hu\/index.php\/konferencia-kozpont\/","title":{"rendered":"Konferencia k\u00f6zpont"},"content":{"rendered":"\n<p>Az INNTEK Innov\u00e1ci\u00f3s \u00e9s Technol\u00f3giai K\u00f6zpont konferenciaterme ide\u00e1lis helysz\u00edn k\u00fcl\u00f6nb\u00f6z\u0151 \u00fczleti \u00e9s szakmai esem\u00e9nyek lebonyol\u00edt\u00e1s\u00e1ra. A terem modern technol\u00f3giai felszerelts\u00e9ggel \u00e9s k\u00e9nyelmes k\u00f6rnyezettel v\u00e1rja a l\u00e1togat\u00f3kat.<\/p>\n\n\n\n<p><strong>Szolg\u00e1ltat\u00e1sok \u00e9s lehet\u0151s\u00e9gek:<\/strong><\/p>\n\n\n\n<ul class=\"wp-block-list\">\n<li><strong>Technikai felszerelts\u00e9g:<\/strong>&nbsp;Kiv\u00e1l\u00f3 min\u0151s\u00e9g\u0171 projektorok, hangrendszer \u00e9s nagy felbont\u00e1s\u00fa kijelz\u0151k biztos\u00edtj\u00e1k a professzion\u00e1lis prezent\u00e1ci\u00f3k lebonyol\u00edt\u00e1s\u00e1t.<\/li>\n\n\n\n<li><strong>Wi-Fi hozz\u00e1f\u00e9r\u00e9s:<\/strong>&nbsp;Gyors \u00e9s megb\u00edzhat\u00f3 internetkapcsolat \u00e1ll rendelkez\u00e9sre minden r\u00e9sztvev\u0151 sz\u00e1m\u00e1ra.<\/li>\n\n\n\n<li><strong>Rugalmas elrendez\u00e9s:<\/strong>&nbsp;A terem k\u00fcl\u00f6nb\u00f6z\u0151 elrendez\u00e9si lehet\u0151s\u00e9geket k\u00edn\u00e1l, legyen sz\u00f3 sz\u00ednh\u00e1zi, oszt\u00e1lytermi vagy U-alak\u00fa elrendez\u00e9sr\u0151l.<\/li>\n\n\n\n<li><strong>K\u00e1v\u00e9sz\u00fcnet \u00e9s catering:<\/strong>\u00a0Ig\u00e9ny szerint k\u00e1v\u00e9sz\u00fcnetek \u00e9s \u00e9tkez\u00e9si szolg\u00e1ltat\u00e1sok is biztos\u00edtottak.<\/li>\n\n\n\n<li><strong>Parkol\u00e1si lehet\u0151s\u00e9g:<\/strong>\u00a0A rendezv\u00e9nyek r\u00e9sztvev\u0151i ingyenes \u00e9s k\u00e9nyelmes parkol\u00e1si lehet\u0151s\u00e9get kapnak k\u00f6zvetlen\u00fcl a helysz\u00ednen.<\/li>\n<\/ul>\n\n\n\n<p>Az INNTEK konferenciaterme ide\u00e1lis v\u00e1laszt\u00e1s mindazok sz\u00e1m\u00e1ra, akik professzion\u00e1lis k\u00f6rnyezetben szeretn\u00e9k megrendezni esem\u00e9nyeiket.<\/p>\n","protected":false},"excerpt":{"rendered":"<p>Az INNTEK Innov\u00e1ci\u00f3s \u00e9s Technol\u00f3giai K\u00f6zpont konferenciaterme ide\u00e1lis helysz\u00edn k\u00fcl\u00f6nb\u00f6z\u0151 \u00fczleti \u00e9s szakmai esem\u00e9nyek lebonyol\u00edt\u00e1s\u00e1ra. A terem modern technol\u00f3giai felszerelts\u00e9ggel \u00e9s k\u00e9nyelmes k\u00f6rnyezettel v\u00e1rja a l\u00e1togat\u00f3kat. Szolg\u00e1ltat\u00e1sok \u00e9s lehet\u0151s\u00e9gek: Az INNTEK konferenciaterme ide\u00e1lis v\u00e1laszt\u00e1s mindazok sz\u00e1m\u00e1ra, akik professzion\u00e1lis k\u00f6rnyezetben szeretn\u00e9k megrendezni esem\u00e9nyeiket.<\/p>\n","protected":false},"author":1,"featured_media":0,"parent":0,"menu_order":0,"comment_status":"closed","ping_status":"closed","template":"","meta":{"footnotes":""},"class_list":["post-90","page","type-page","status-publish"],"_links":{"self":[{"href":"http:\/\/inntek.hu\/index.php\/wp-json\/wp\/v2\/pages\/90","targetHints":{"allow":["GET"]}}],"collection":[{"href":"http:\/\/inntek.hu\/index.php\/wp-json\/wp\/v2\/pages"}],"about":[{"href":"http:\/\/inntek.hu\/index.php\/wp-json\/wp\/v2\/types\/page"}],"author":[{"embeddable":true,"href":"http:\/\/inntek.hu\/index.php\/wp-json\/wp\/v2\/users\/1"}],"replies":[{"embeddable":true,"href":"http:\/\/inntek.hu\/index.php\/wp-json\/wp\/v2\/comments?post=90"}],"version-history":[{"count":3,"href":"http:\/\/inntek.hu\/index.php\/wp-json\/wp\/v2\/pages\/90\/revisions"}],"predecessor-version":[{"id":155,"href":"http:\/\/inntek.hu\/index.php\/wp-json\/wp\/v2\/pages\/90\/revisions\/155"}],"wp:attachment":[{"href":"http:\/\/inntek.hu\/index.php\/wp-json\/wp\/v2\/media?parent=90"}],"curies":[{"name":"wp","href":"https:\/\/api.w.org\/{rel}","templated":true}]}}