{"id":87,"date":"2020-07-26T16:57:37","date_gmt":"2020-07-26T16:57:37","guid":{"rendered":"http:\/\/inntek.hu\/?page_id=87"},"modified":"2025-07-02T08:13:21","modified_gmt":"2025-07-02T08:13:21","slug":"muhelyek","status":"publish","type":"page","link":"http:\/\/inntek.hu\/index.php\/muhelyek\/","title":{"rendered":"M\u0171helyek"},"content":{"rendered":"\n<p>M\u0171helyb\u00e9rl\u00e9s az Inntek Innov\u00e1ci\u00f3s \u00e9s Technol\u00f3giai K\u00f6zpontban<\/p>\n\n\n\n<p>Az Inntek Innov\u00e1ci\u00f3s \u00e9s Technol\u00f3giai K\u00f6zpont 12 j\u00f3l felszerelt, gal\u00e9ri\u00e1s 77-120 m2-es modern m\u0171helyt k\u00edn\u00e1l b\u00e9rbead\u00e1sra, amelyek ide\u00e1lisak a kutat\u00e1si \u00e9s fejleszt\u00e9si projektek, ipari gy\u00e1rt\u00e1s, valamint kisv\u00e1llalkoz\u00e1sok technol\u00f3giai tev\u00e9kenys\u00e9geinek t\u00e1mogat\u00e1s\u00e1ra. M\u0171helyeink a leg\u00fajabb eszk\u00f6z\u00f6kkel \u00e9s technol\u00f3gi\u00e1kkal vannak felszerelve, biztos\u00edtva a hat\u00e9kony \u00e9s professzion\u00e1lis munkav\u00e9gz\u00e9st.<\/p>\n\n\n\n<p><strong>M\u0171helyeink jellemz\u0151i:<\/strong><\/p>\n\n\n\n<ul class=\"wp-block-list\">\n<li><strong>Teljesen felszerelt t\u00e9r<\/strong>: Minden m\u0171hely modern g\u00e9pekkel, szersz\u00e1mokkal \u00e9s m\u0171szerekkel van ell\u00e1tva, hogy megfeleljen a k\u00fcl\u00f6nf\u00e9le technol\u00f3giai \u00e9s ipari ig\u00e9nyeknek.<\/li>\n\n\n\n<li><strong>Rugalmas b\u00e9rleti felt\u00e9telek<\/strong>: R\u00f6vid- \u00e9s hossz\u00fat\u00e1v\u00fa b\u00e9rleti lehet\u0151s\u00e9gek, ig\u00e9ny szerint testre szabhat\u00f3 felt\u00e9telekkel.<\/li>\n\n\n\n<li><strong>Biztons\u00e1g \u00e9s k\u00e9nyelem<\/strong>: A m\u0171helyek megfelel\u0151 biztons\u00e1gi rendszerekkel vannak ell\u00e1tva.<\/li>\n\n\n\n<li><strong>K\u00f6zponti elhelyezked\u00e9s<\/strong>: K\u00f6zpontunk k\u00f6nnyen megk\u00f6zel\u00edthet\u0151 helyen tal\u00e1lhat\u00f3, ami megk\u00f6nny\u00edti az \u00e1rusz\u00e1ll\u00edt\u00e1st \u00e9s a logisztik\u00e1t.<\/li>\n\n\n\n<li><strong>T\u00e1mogat\u00f3 szolg\u00e1ltat\u00e1sok<\/strong>: Ig\u00e9ny eset\u00e9n szak\u00e9rt\u0151i t\u00e1mogat\u00e1s \u00e9s tan\u00e1csad\u00e1s is el\u00e9rhet\u0151.<\/li>\n<\/ul>\n\n\n\n<p>A m\u0171helyek ide\u00e1lisak kis- \u00e9s k\u00f6z\u00e9pv\u00e1llalkoz\u00e1sok, startup, illetve f\u00fcggetlen fejleszt\u0151k sz\u00e1m\u00e1ra, akik innovat\u00edv projekteken dolgoznak \u00e9s modern, professzion\u00e1lis k\u00f6rnyezetre van sz\u00fcks\u00e9g\u00fck a sikeres munkav\u00e9gz\u00e9shez.<\/p>\n\n\n\n<p><strong>B\u00e9rl\u00e9si lehet\u0151s\u00e9gek<\/strong>: Ha \u00e9rdekli m\u0171helyeink b\u00e9rl\u00e9se, k\u00e9rj\u00fck, l\u00e9pjen kapcsolatba vel\u00fcnk tov\u00e1bbi inform\u00e1ci\u00f3\u00e9rt \u00e9s a r\u00e9szletes felt\u00e9telek megismer\u00e9s\u00e9\u00e9rt.<\/p>\n","protected":false},"excerpt":{"rendered":"<p>M\u0171helyb\u00e9rl\u00e9s az Inntek Innov\u00e1ci\u00f3s \u00e9s Technol\u00f3giai K\u00f6zpontban Az Inntek Innov\u00e1ci\u00f3s \u00e9s Technol\u00f3giai K\u00f6zpont 12 j\u00f3l felszerelt, gal\u00e9ri\u00e1s 77-120 m2-es modern m\u0171helyt k\u00edn\u00e1l b\u00e9rbead\u00e1sra, amelyek ide\u00e1lisak a kutat\u00e1si \u00e9s fejleszt\u00e9si projektek, ipari gy\u00e1rt\u00e1s, valamint kisv\u00e1llalkoz\u00e1sok technol\u00f3giai tev\u00e9kenys\u00e9geinek t\u00e1mogat\u00e1s\u00e1ra. M\u0171helyeink a leg\u00fajabb eszk\u00f6z\u00f6kkel \u00e9s technol\u00f3gi\u00e1kkal vannak felszerelve, biztos\u00edtva a hat\u00e9kony \u00e9s professzion\u00e1lis munkav\u00e9gz\u00e9st. M\u0171helyeink jellemz\u0151i: A m\u0171helyek &#8230; <a title=\"M\u0171helyek\" class=\"read-more\" href=\"http:\/\/inntek.hu\/index.php\/muhelyek\/\" aria-label=\"Read more about M\u0171helyek\">Olvass tov\u00e1bb<\/a><\/p>\n","protected":false},"author":1,"featured_media":0,"parent":0,"menu_order":0,"comment_status":"closed","ping_status":"closed","template":"","meta":{"footnotes":""},"class_list":["post-87","page","type-page","status-publish"],"_links":{"self":[{"href":"http:\/\/inntek.hu\/index.php\/wp-json\/wp\/v2\/pages\/87","targetHints":{"allow":["GET"]}}],"collection":[{"href":"http:\/\/inntek.hu\/index.php\/wp-json\/wp\/v2\/pages"}],"about":[{"href":"http:\/\/inntek.hu\/index.php\/wp-json\/wp\/v2\/types\/page"}],"author":[{"embeddable":true,"href":"http:\/\/inntek.hu\/index.php\/wp-json\/wp\/v2\/users\/1"}],"replies":[{"embeddable":true,"href":"http:\/\/inntek.hu\/index.php\/wp-json\/wp\/v2\/comments?post=87"}],"version-history":[{"count":5,"href":"http:\/\/inntek.hu\/index.php\/wp-json\/wp\/v2\/pages\/87\/revisions"}],"predecessor-version":[{"id":159,"href":"http:\/\/inntek.hu\/index.php\/wp-json\/wp\/v2\/pages\/87\/revisions\/159"}],"wp:attachment":[{"href":"http:\/\/inntek.hu\/index.php\/wp-json\/wp\/v2\/media?parent=87"}],"curies":[{"name":"wp","href":"https:\/\/api.w.org\/{rel}","templated":true}]}}